{"id":4929,"date":"2025-10-10T02:43:53","date_gmt":"2025-10-10T02:43:53","guid":{"rendered":"https:\/\/ferneytech.com\/prototipo\/producto\/cruiser-dual-6mp-ipc-s7xp-6m0wed\/"},"modified":"2025-10-10T02:43:53","modified_gmt":"2025-10-10T02:43:53","slug":"cruiser-dual-6mp-ipc-s7xp-6m0wed","status":"publish","type":"product","link":"https:\/\/ferneytech.com\/prototipo\/producto\/cruiser-dual-6mp-ipc-s7xp-6m0wed\/","title":{"rendered":"Cruiser Dual 6MP IPC-S7XP-6M0WED"},"content":{"rendered":"<p>C\u00e1mara Cruiser Dual 6MP IPC-S7XP-6M0WED. Caracter\u00edsticas: Pl\u00e1stico; Wi-Fi; Lente fija 3mp, 3.6mm y Lente PT 3mp; Disuasi\u00f3n activa; Comunicaci\u00f3n bidireccional; Ranura para tarjeta micro SD; IP66.<\/p>\n","protected":false},"excerpt":{"rendered":"<p>Cruiser Dual | 6MP | Doble lente | IP66<\/p>\n","protected":false},"featured_media":4876,"template":"","meta":[],"product_brand":[],"product_cat":[40],"product_tag":[],"class_list":{"0":"post-4929","1":"product","2":"type-product","3":"status-publish","4":"has-post-thumbnail","6":"product_cat-camaras-de-seguridad-imou-doble-lente","8":"first","9":"instock","10":"taxable","11":"shipping-taxable","12":"product-type-simple"},"_links":{"self":[{"href":"https:\/\/ferneytech.com\/prototipo\/wp-json\/wp\/v2\/product\/4929","targetHints":{"allow":["GET"]}}],"collection":[{"href":"https:\/\/ferneytech.com\/prototipo\/wp-json\/wp\/v2\/product"}],"about":[{"href":"https:\/\/ferneytech.com\/prototipo\/wp-json\/wp\/v2\/types\/product"}],"version-history":[{"count":0,"href":"https:\/\/ferneytech.com\/prototipo\/wp-json\/wp\/v2\/product\/4929\/revisions"}],"wp:featuredmedia":[{"embeddable":true,"href":"https:\/\/ferneytech.com\/prototipo\/wp-json\/wp\/v2\/media\/4876"}],"wp:attachment":[{"href":"https:\/\/ferneytech.com\/prototipo\/wp-json\/wp\/v2\/media?parent=4929"}],"wp:term":[{"taxonomy":"product_brand","embeddable":true,"href":"https:\/\/ferneytech.com\/prototipo\/wp-json\/wp\/v2\/product_brand?post=4929"},{"taxonomy":"product_cat","embeddable":true,"href":"https:\/\/ferneytech.com\/prototipo\/wp-json\/wp\/v2\/product_cat?post=4929"},{"taxonomy":"product_tag","embeddable":true,"href":"https:\/\/ferneytech.com\/prototipo\/wp-json\/wp\/v2\/product_tag?post=4929"}],"curies":[{"name":"wp","href":"https:\/\/api.w.org\/{rel}","templated":true}]}}