{"id":4927,"date":"2025-10-10T02:43:53","date_gmt":"2025-10-10T02:43:53","guid":{"rendered":"https:\/\/ferneytech.com\/prototipo\/producto\/ipc-s7cp-5m0we\/"},"modified":"2025-10-10T02:43:53","modified_gmt":"2025-10-10T02:43:53","slug":"ipc-s7cp-5m0we","status":"publish","type":"product","link":"https:\/\/ferneytech.com\/prototipo\/producto\/ipc-s7cp-5m0we\/","title":{"rendered":"IPC-S7CP-5M0WE"},"content":{"rendered":"<p>C\u00e1mara IPC-S7CP-5M0WE. Caracter\u00edsticas: CMOS progresivo de 1\/3\u201d y 5 megap\u00edxeles | 5 MP (2880*1620) | Visi\u00f3n nocturna: distancia de 30 m (98 pies) | Lente fija de 3,6 mm | Campo de visi\u00f3n: 78\u00b0(H), 41\u00b0(V), 94\u00b0(D) | Panor\u00e1mica de 355\u00b0 y inclinaci\u00f3n de 0 a 90\u00b0.<\/p>\n","protected":false},"excerpt":{"rendered":"<p>5MP | Visi\u00f3n nocturna 30m | 355\u00b0 panor\u00e1mica<\/p>\n","protected":false},"featured_media":4878,"template":"","meta":[],"product_brand":[],"product_cat":[34],"product_tag":[],"class_list":{"0":"post-4927","1":"product","2":"type-product","3":"status-publish","4":"has-post-thumbnail","6":"product_cat-camaras-de-seguridad-imou","8":"first","9":"instock","10":"taxable","11":"shipping-taxable","12":"product-type-simple"},"_links":{"self":[{"href":"https:\/\/ferneytech.com\/prototipo\/wp-json\/wp\/v2\/product\/4927","targetHints":{"allow":["GET"]}}],"collection":[{"href":"https:\/\/ferneytech.com\/prototipo\/wp-json\/wp\/v2\/product"}],"about":[{"href":"https:\/\/ferneytech.com\/prototipo\/wp-json\/wp\/v2\/types\/product"}],"version-history":[{"count":0,"href":"https:\/\/ferneytech.com\/prototipo\/wp-json\/wp\/v2\/product\/4927\/revisions"}],"wp:featuredmedia":[{"embeddable":true,"href":"https:\/\/ferneytech.com\/prototipo\/wp-json\/wp\/v2\/media\/4878"}],"wp:attachment":[{"href":"https:\/\/ferneytech.com\/prototipo\/wp-json\/wp\/v2\/media?parent=4927"}],"wp:term":[{"taxonomy":"product_brand","embeddable":true,"href":"https:\/\/ferneytech.com\/prototipo\/wp-json\/wp\/v2\/product_brand?post=4927"},{"taxonomy":"product_cat","embeddable":true,"href":"https:\/\/ferneytech.com\/prototipo\/wp-json\/wp\/v2\/product_cat?post=4927"},{"taxonomy":"product_tag","embeddable":true,"href":"https:\/\/ferneytech.com\/prototipo\/wp-json\/wp\/v2\/product_tag?post=4927"}],"curies":[{"name":"wp","href":"https:\/\/api.w.org\/{rel}","templated":true}]}}