{"id":4926,"date":"2025-10-10T02:43:53","date_gmt":"2025-10-10T02:43:53","guid":{"rendered":"https:\/\/ferneytech.com\/prototipo\/producto\/ipc-gs7ep-5m0we\/"},"modified":"2025-10-10T02:43:53","modified_gmt":"2025-10-10T02:43:53","slug":"ipc-gs7ep-5m0we","status":"publish","type":"product","link":"https:\/\/ferneytech.com\/prototipo\/producto\/ipc-gs7ep-5m0we\/","title":{"rendered":"IPC-GS7EP-5M0WE"},"content":{"rendered":"<p>C\u00e1mara IPC-GS7EP-5M0WE. Caracter\u00edsticas: Pl\u00e1stico; Wi-Fi; H.265; Detecci\u00f3n humano\/veh\u00edculo; Disuasi\u00f3n activa; Comunicaci\u00f3n bidireccional; Ranura para tarjeta micro SD; IP66.<\/p>\n","protected":false},"excerpt":{"rendered":"<p>5MP | Detecci\u00f3n humana\/veh\u00edculo | IP66<\/p>\n","protected":false},"featured_media":4879,"template":"","meta":[],"product_brand":[],"product_cat":[34],"product_tag":[],"class_list":{"0":"post-4926","1":"product","2":"type-product","3":"status-publish","4":"has-post-thumbnail","6":"product_cat-camaras-de-seguridad-imou","8":"first","9":"instock","10":"taxable","11":"shipping-taxable","12":"product-type-simple"},"_links":{"self":[{"href":"https:\/\/ferneytech.com\/prototipo\/wp-json\/wp\/v2\/product\/4926","targetHints":{"allow":["GET"]}}],"collection":[{"href":"https:\/\/ferneytech.com\/prototipo\/wp-json\/wp\/v2\/product"}],"about":[{"href":"https:\/\/ferneytech.com\/prototipo\/wp-json\/wp\/v2\/types\/product"}],"version-history":[{"count":0,"href":"https:\/\/ferneytech.com\/prototipo\/wp-json\/wp\/v2\/product\/4926\/revisions"}],"wp:featuredmedia":[{"embeddable":true,"href":"https:\/\/ferneytech.com\/prototipo\/wp-json\/wp\/v2\/media\/4879"}],"wp:attachment":[{"href":"https:\/\/ferneytech.com\/prototipo\/wp-json\/wp\/v2\/media?parent=4926"}],"wp:term":[{"taxonomy":"product_brand","embeddable":true,"href":"https:\/\/ferneytech.com\/prototipo\/wp-json\/wp\/v2\/product_brand?post=4926"},{"taxonomy":"product_cat","embeddable":true,"href":"https:\/\/ferneytech.com\/prototipo\/wp-json\/wp\/v2\/product_cat?post=4926"},{"taxonomy":"product_tag","embeddable":true,"href":"https:\/\/ferneytech.com\/prototipo\/wp-json\/wp\/v2\/product_tag?post=4926"}],"curies":[{"name":"wp","href":"https:\/\/api.w.org\/{rel}","templated":true}]}}