{"id":4925,"date":"2025-10-10T02:43:53","date_gmt":"2025-10-10T02:43:53","guid":{"rendered":"https:\/\/ferneytech.com\/prototipo\/producto\/cruiser-4mp-d-ipc-s42fp\/"},"modified":"2025-10-10T02:43:53","modified_gmt":"2025-10-10T02:43:53","slug":"cruiser-4mp-d-ipc-s42fp","status":"publish","type":"product","link":"https:\/\/ferneytech.com\/prototipo\/producto\/cruiser-4mp-d-ipc-s42fp\/","title":{"rendered":"Cruiser 4MP-D IPC-S42FP"},"content":{"rendered":"<p>C\u00e1mara Cruiser 4MP-D IPC-S42FP. Caracter\u00edsticas: Pl\u00e1stica; Cobertura de 360\u00b0; H.265; Wi-Fi; Alta voz y micr\u00f3fono incorporado; Ranura para tarjeta micro SD; Detecci\u00f3n de movimiento; Detecci\u00f3n humano; Luz y sirena integrada; IP66.<\/p>\n","protected":false},"excerpt":{"rendered":"<p>Cruiser 4MP | 360\u00b0 | Luz\/sirena | IP66<\/p>\n","protected":false},"featured_media":4880,"template":"","meta":[],"product_brand":[],"product_cat":[37],"product_tag":[],"class_list":{"0":"post-4925","1":"product","2":"type-product","3":"status-publish","4":"has-post-thumbnail","6":"product_cat-camaras-de-seguridad-imou-cruiser","8":"first","9":"instock","10":"taxable","11":"shipping-taxable","12":"product-type-simple"},"_links":{"self":[{"href":"https:\/\/ferneytech.com\/prototipo\/wp-json\/wp\/v2\/product\/4925","targetHints":{"allow":["GET"]}}],"collection":[{"href":"https:\/\/ferneytech.com\/prototipo\/wp-json\/wp\/v2\/product"}],"about":[{"href":"https:\/\/ferneytech.com\/prototipo\/wp-json\/wp\/v2\/types\/product"}],"version-history":[{"count":0,"href":"https:\/\/ferneytech.com\/prototipo\/wp-json\/wp\/v2\/product\/4925\/revisions"}],"wp:featuredmedia":[{"embeddable":true,"href":"https:\/\/ferneytech.com\/prototipo\/wp-json\/wp\/v2\/media\/4880"}],"wp:attachment":[{"href":"https:\/\/ferneytech.com\/prototipo\/wp-json\/wp\/v2\/media?parent=4925"}],"wp:term":[{"taxonomy":"product_brand","embeddable":true,"href":"https:\/\/ferneytech.com\/prototipo\/wp-json\/wp\/v2\/product_brand?post=4925"},{"taxonomy":"product_cat","embeddable":true,"href":"https:\/\/ferneytech.com\/prototipo\/wp-json\/wp\/v2\/product_cat?post=4925"},{"taxonomy":"product_tag","embeddable":true,"href":"https:\/\/ferneytech.com\/prototipo\/wp-json\/wp\/v2\/product_tag?post=4925"}],"curies":[{"name":"wp","href":"https:\/\/api.w.org\/{rel}","templated":true}]}}