{"id":4924,"date":"2025-10-10T02:43:53","date_gmt":"2025-10-10T02:43:53","guid":{"rendered":"https:\/\/ferneytech.com\/prototipo\/producto\/cruiser-se-4mp-ipc-s41fep\/"},"modified":"2025-10-10T02:43:53","modified_gmt":"2025-10-10T02:43:53","slug":"cruiser-se-4mp-ipc-s41fep","status":"publish","type":"product","link":"https:\/\/ferneytech.com\/prototipo\/producto\/cruiser-se-4mp-ipc-s41fep\/","title":{"rendered":"Cruiser SE+ 4MP IPC-S41FEP"},"content":{"rendered":"<p>C\u00e1mara Cruiser SE+ 4MP IPC-S41FEP. Caracter\u00edsticas: Pl\u00e1stica; H.265; Wi-Fi; Comunicaci\u00f3n bidireccional; Ranura para tarjeta micro SD; Detecci\u00f3n de movimiento; Detecci\u00f3n humano; Disuasi\u00f3n activa; IP66.<\/p>\n","protected":false},"excerpt":{"rendered":"<p>Cruiser SE+ | 4MP | Disuasi\u00f3n activa<\/p>\n","protected":false},"featured_media":4881,"template":"","meta":[],"product_brand":[],"product_cat":[37],"product_tag":[],"class_list":{"0":"post-4924","1":"product","2":"type-product","3":"status-publish","4":"has-post-thumbnail","6":"product_cat-camaras-de-seguridad-imou-cruiser","8":"first","9":"instock","10":"taxable","11":"shipping-taxable","12":"product-type-simple"},"_links":{"self":[{"href":"https:\/\/ferneytech.com\/prototipo\/wp-json\/wp\/v2\/product\/4924","targetHints":{"allow":["GET"]}}],"collection":[{"href":"https:\/\/ferneytech.com\/prototipo\/wp-json\/wp\/v2\/product"}],"about":[{"href":"https:\/\/ferneytech.com\/prototipo\/wp-json\/wp\/v2\/types\/product"}],"version-history":[{"count":0,"href":"https:\/\/ferneytech.com\/prototipo\/wp-json\/wp\/v2\/product\/4924\/revisions"}],"wp:featuredmedia":[{"embeddable":true,"href":"https:\/\/ferneytech.com\/prototipo\/wp-json\/wp\/v2\/media\/4881"}],"wp:attachment":[{"href":"https:\/\/ferneytech.com\/prototipo\/wp-json\/wp\/v2\/media?parent=4924"}],"wp:term":[{"taxonomy":"product_brand","embeddable":true,"href":"https:\/\/ferneytech.com\/prototipo\/wp-json\/wp\/v2\/product_brand?post=4924"},{"taxonomy":"product_cat","embeddable":true,"href":"https:\/\/ferneytech.com\/prototipo\/wp-json\/wp\/v2\/product_cat?post=4924"},{"taxonomy":"product_tag","embeddable":true,"href":"https:\/\/ferneytech.com\/prototipo\/wp-json\/wp\/v2\/product_tag?post=4924"}],"curies":[{"name":"wp","href":"https:\/\/api.w.org\/{rel}","templated":true}]}}