{"id":4922,"date":"2025-10-10T02:43:53","date_gmt":"2025-10-10T02:43:53","guid":{"rendered":"https:\/\/ferneytech.com\/prototipo\/producto\/ranger-2-4mp-d-ipc-a42p\/"},"modified":"2025-10-10T02:43:53","modified_gmt":"2025-10-10T02:43:53","slug":"ranger-2-4mp-d-ipc-a42p","status":"publish","type":"product","link":"https:\/\/ferneytech.com\/prototipo\/producto\/ranger-2-4mp-d-ipc-a42p\/","title":{"rendered":"Ranger 2 4MP-D IPC-A42P"},"content":{"rendered":"<p>C\u00e1mara Ranger 2 4MP-D IPC-A42P. Caracter\u00edsticas: Wi-Fi; Cobertura de 360\u00b0; H2.65; Alta voz, micr\u00f3fono, sirena incorporado; Ranura para tarjeta micro SD; Detecci\u00f3n de movimiento; Detecci\u00f3n humano.<\/p>\n","protected":false},"excerpt":{"rendered":"<p>Ranger 2 | 4MP | 360\u00b0 | Audio completo<\/p>\n","protected":false},"featured_media":4883,"template":"","meta":[],"product_brand":[],"product_cat":[34],"product_tag":[],"class_list":{"0":"post-4922","1":"product","2":"type-product","3":"status-publish","4":"has-post-thumbnail","6":"product_cat-camaras-de-seguridad-imou","8":"first","9":"instock","10":"taxable","11":"shipping-taxable","12":"product-type-simple"},"_links":{"self":[{"href":"https:\/\/ferneytech.com\/prototipo\/wp-json\/wp\/v2\/product\/4922","targetHints":{"allow":["GET"]}}],"collection":[{"href":"https:\/\/ferneytech.com\/prototipo\/wp-json\/wp\/v2\/product"}],"about":[{"href":"https:\/\/ferneytech.com\/prototipo\/wp-json\/wp\/v2\/types\/product"}],"version-history":[{"count":0,"href":"https:\/\/ferneytech.com\/prototipo\/wp-json\/wp\/v2\/product\/4922\/revisions"}],"wp:featuredmedia":[{"embeddable":true,"href":"https:\/\/ferneytech.com\/prototipo\/wp-json\/wp\/v2\/media\/4883"}],"wp:attachment":[{"href":"https:\/\/ferneytech.com\/prototipo\/wp-json\/wp\/v2\/media?parent=4922"}],"wp:term":[{"taxonomy":"product_brand","embeddable":true,"href":"https:\/\/ferneytech.com\/prototipo\/wp-json\/wp\/v2\/product_brand?post=4922"},{"taxonomy":"product_cat","embeddable":true,"href":"https:\/\/ferneytech.com\/prototipo\/wp-json\/wp\/v2\/product_cat?post=4922"},{"taxonomy":"product_tag","embeddable":true,"href":"https:\/\/ferneytech.com\/prototipo\/wp-json\/wp\/v2\/product_tag?post=4922"}],"curies":[{"name":"wp","href":"https:\/\/api.w.org\/{rel}","templated":true}]}}