{"id":4921,"date":"2025-10-10T02:43:53","date_gmt":"2025-10-10T02:43:53","guid":{"rendered":"https:\/\/ferneytech.com\/prototipo\/producto\/ranger-2c-3mp-ipc-ta32cp-l\/"},"modified":"2025-10-10T02:48:00","modified_gmt":"2025-10-10T02:48:00","slug":"ranger-2c-3mp-ipc-ta32cp-l","status":"publish","type":"product","link":"https:\/\/ferneytech.com\/prototipo\/producto\/ranger-2c-3mp-ipc-ta32cp-l\/","title":{"rendered":"Ranger 2C 3MP IPC-TA32CP-L"},"content":{"rendered":"<p>C\u00e1mara Ranger 2C 3MP IPC-TA32CP-L. Caracter\u00edsticas: Wi-Fi; Cobertura de 360\u00b0; H2.65; Alta voz, micr\u00f3fono, sirena incorporado; Ranura para tarjeta micro SD; Detecci\u00f3n de movimiento; Detecci\u00f3n humano; Alarma de sonido.<\/p>\n","protected":false},"excerpt":{"rendered":"<p>Ranger 2C | 3MP | 360\u00b0 | Alarma sonido<\/p>\n","protected":false},"featured_media":4884,"template":"","meta":[],"product_brand":[33],"product_cat":[34],"product_tag":[],"class_list":{"0":"post-4921","1":"product","2":"type-product","3":"status-publish","4":"has-post-thumbnail","6":"product_brand-imou","7":"product_cat-camaras-de-seguridad-imou","9":"first","10":"instock","11":"taxable","12":"shipping-taxable","13":"product-type-simple"},"_links":{"self":[{"href":"https:\/\/ferneytech.com\/prototipo\/wp-json\/wp\/v2\/product\/4921","targetHints":{"allow":["GET"]}}],"collection":[{"href":"https:\/\/ferneytech.com\/prototipo\/wp-json\/wp\/v2\/product"}],"about":[{"href":"https:\/\/ferneytech.com\/prototipo\/wp-json\/wp\/v2\/types\/product"}],"version-history":[{"count":0,"href":"https:\/\/ferneytech.com\/prototipo\/wp-json\/wp\/v2\/product\/4921\/revisions"}],"wp:featuredmedia":[{"embeddable":true,"href":"https:\/\/ferneytech.com\/prototipo\/wp-json\/wp\/v2\/media\/4884"}],"wp:attachment":[{"href":"https:\/\/ferneytech.com\/prototipo\/wp-json\/wp\/v2\/media?parent=4921"}],"wp:term":[{"taxonomy":"product_brand","embeddable":true,"href":"https:\/\/ferneytech.com\/prototipo\/wp-json\/wp\/v2\/product_brand?post=4921"},{"taxonomy":"product_cat","embeddable":true,"href":"https:\/\/ferneytech.com\/prototipo\/wp-json\/wp\/v2\/product_cat?post=4921"},{"taxonomy":"product_tag","embeddable":true,"href":"https:\/\/ferneytech.com\/prototipo\/wp-json\/wp\/v2\/product_tag?post=4921"}],"curies":[{"name":"wp","href":"https:\/\/api.w.org\/{rel}","templated":true}]}}