{"id":4917,"date":"2025-10-10T02:43:52","date_gmt":"2025-10-10T02:43:52","guid":{"rendered":"https:\/\/ferneytech.com\/prototipo\/producto\/versa-ipc-c22fp-c\/"},"modified":"2025-10-10T02:43:52","modified_gmt":"2025-10-10T02:43:52","slug":"versa-ipc-c22fp-c","status":"publish","type":"product","link":"https:\/\/ferneytech.com\/prototipo\/producto\/versa-ipc-c22fp-c\/","title":{"rendered":"Versa IPC-C22FP-C"},"content":{"rendered":"<p>C\u00e1mara Versa IPC-C22FP-C. Caracter\u00edsticas: Wi-Fi; H.265; IR 20m; Comunicaci\u00f3n bidireccional; Ranura para tarjeta micro SD; Detecci\u00f3n de movimiento; Detecci\u00f3n humano; IP65.<\/p>\n","protected":false},"excerpt":{"rendered":"<p>Versa | IR 20m | Wi-Fi | IP65<\/p>\n","protected":false},"featured_media":4888,"template":"","meta":[],"product_brand":[],"product_cat":[34],"product_tag":[],"class_list":{"0":"post-4917","1":"product","2":"type-product","3":"status-publish","4":"has-post-thumbnail","6":"product_cat-camaras-de-seguridad-imou","8":"first","9":"instock","10":"taxable","11":"shipping-taxable","12":"product-type-simple"},"_links":{"self":[{"href":"https:\/\/ferneytech.com\/prototipo\/wp-json\/wp\/v2\/product\/4917","targetHints":{"allow":["GET"]}}],"collection":[{"href":"https:\/\/ferneytech.com\/prototipo\/wp-json\/wp\/v2\/product"}],"about":[{"href":"https:\/\/ferneytech.com\/prototipo\/wp-json\/wp\/v2\/types\/product"}],"version-history":[{"count":0,"href":"https:\/\/ferneytech.com\/prototipo\/wp-json\/wp\/v2\/product\/4917\/revisions"}],"wp:featuredmedia":[{"embeddable":true,"href":"https:\/\/ferneytech.com\/prototipo\/wp-json\/wp\/v2\/media\/4888"}],"wp:attachment":[{"href":"https:\/\/ferneytech.com\/prototipo\/wp-json\/wp\/v2\/media?parent=4917"}],"wp:term":[{"taxonomy":"product_brand","embeddable":true,"href":"https:\/\/ferneytech.com\/prototipo\/wp-json\/wp\/v2\/product_brand?post=4917"},{"taxonomy":"product_cat","embeddable":true,"href":"https:\/\/ferneytech.com\/prototipo\/wp-json\/wp\/v2\/product_cat?post=4917"},{"taxonomy":"product_tag","embeddable":true,"href":"https:\/\/ferneytech.com\/prototipo\/wp-json\/wp\/v2\/product_tag?post=4917"}],"curies":[{"name":"wp","href":"https:\/\/api.w.org\/{rel}","templated":true}]}}