{"id":4915,"date":"2025-10-10T02:43:52","date_gmt":"2025-10-10T02:43:52","guid":{"rendered":"https:\/\/ferneytech.com\/prototipo\/producto\/ipc-s21fap\/"},"modified":"2025-10-10T02:43:52","modified_gmt":"2025-10-10T02:43:52","slug":"ipc-s21fap","status":"publish","type":"product","link":"https:\/\/ferneytech.com\/prototipo\/producto\/ipc-s21fap\/","title":{"rendered":"IPC-S21FAP"},"content":{"rendered":"<p>C\u00e1mara IPC-S21FAP. Caracter\u00edsticas: Pl\u00e1stica; H.264; Detecci\u00f3n humano; Disuasi\u00f3n activa; Micr\u00f3fono incorporado; IP66, PoE.<\/p>\n","protected":false},"excerpt":{"rendered":"<p>Detecci\u00f3n humana | PoE | IP66<\/p>\n","protected":false},"featured_media":4890,"template":"","meta":[],"product_brand":[],"product_cat":[34],"product_tag":[],"class_list":{"0":"post-4915","1":"product","2":"type-product","3":"status-publish","4":"has-post-thumbnail","6":"product_cat-camaras-de-seguridad-imou","8":"first","9":"instock","10":"taxable","11":"shipping-taxable","12":"product-type-simple"},"_links":{"self":[{"href":"https:\/\/ferneytech.com\/prototipo\/wp-json\/wp\/v2\/product\/4915","targetHints":{"allow":["GET"]}}],"collection":[{"href":"https:\/\/ferneytech.com\/prototipo\/wp-json\/wp\/v2\/product"}],"about":[{"href":"https:\/\/ferneytech.com\/prototipo\/wp-json\/wp\/v2\/types\/product"}],"version-history":[{"count":0,"href":"https:\/\/ferneytech.com\/prototipo\/wp-json\/wp\/v2\/product\/4915\/revisions"}],"wp:featuredmedia":[{"embeddable":true,"href":"https:\/\/ferneytech.com\/prototipo\/wp-json\/wp\/v2\/media\/4890"}],"wp:attachment":[{"href":"https:\/\/ferneytech.com\/prototipo\/wp-json\/wp\/v2\/media?parent=4915"}],"wp:term":[{"taxonomy":"product_brand","embeddable":true,"href":"https:\/\/ferneytech.com\/prototipo\/wp-json\/wp\/v2\/product_brand?post=4915"},{"taxonomy":"product_cat","embeddable":true,"href":"https:\/\/ferneytech.com\/prototipo\/wp-json\/wp\/v2\/product_cat?post=4915"},{"taxonomy":"product_tag","embeddable":true,"href":"https:\/\/ferneytech.com\/prototipo\/wp-json\/wp\/v2\/product_tag?post=4915"}],"curies":[{"name":"wp","href":"https:\/\/api.w.org\/{rel}","templated":true}]}}