{"id":4912,"date":"2025-10-10T02:43:52","date_gmt":"2025-10-10T02:43:52","guid":{"rendered":"https:\/\/ferneytech.com\/prototipo\/producto\/bullet-2-pro-ipc-f26fep\/"},"modified":"2025-10-10T02:43:52","modified_gmt":"2025-10-10T02:43:52","slug":"bullet-2-pro-ipc-f26fep","status":"publish","type":"product","link":"https:\/\/ferneytech.com\/prototipo\/producto\/bullet-2-pro-ipc-f26fep\/","title":{"rendered":"Bullet 2 Pro IPC-F26FEP"},"content":{"rendered":"<p>C\u00e1mara Bullet 2 Pro IPC-F26FEP. Caracter\u00edsticas: Met\u00e1lica; H.265; Wi-Fi; Comunicaci\u00f3n bidireccional; Ranura para tarjeta micro SD; Detecci\u00f3n de movimiento; Detecci\u00f3n humano; Disuasi\u00f3n activa; IP67.<\/p>\n","protected":false},"excerpt":{"rendered":"<p>Bullet Pro | Met\u00e1lica | Disuasi\u00f3n activa | IP67<\/p>\n","protected":false},"featured_media":4893,"template":"","meta":[],"product_brand":[],"product_cat":[36],"product_tag":[],"class_list":{"0":"post-4912","1":"product","2":"type-product","3":"status-publish","4":"has-post-thumbnail","6":"product_cat-camaras-de-seguridad-imou-bullet","8":"first","9":"instock","10":"taxable","11":"shipping-taxable","12":"product-type-simple"},"_links":{"self":[{"href":"https:\/\/ferneytech.com\/prototipo\/wp-json\/wp\/v2\/product\/4912","targetHints":{"allow":["GET"]}}],"collection":[{"href":"https:\/\/ferneytech.com\/prototipo\/wp-json\/wp\/v2\/product"}],"about":[{"href":"https:\/\/ferneytech.com\/prototipo\/wp-json\/wp\/v2\/types\/product"}],"version-history":[{"count":0,"href":"https:\/\/ferneytech.com\/prototipo\/wp-json\/wp\/v2\/product\/4912\/revisions"}],"wp:featuredmedia":[{"embeddable":true,"href":"https:\/\/ferneytech.com\/prototipo\/wp-json\/wp\/v2\/media\/4893"}],"wp:attachment":[{"href":"https:\/\/ferneytech.com\/prototipo\/wp-json\/wp\/v2\/media?parent=4912"}],"wp:term":[{"taxonomy":"product_brand","embeddable":true,"href":"https:\/\/ferneytech.com\/prototipo\/wp-json\/wp\/v2\/product_brand?post=4912"},{"taxonomy":"product_cat","embeddable":true,"href":"https:\/\/ferneytech.com\/prototipo\/wp-json\/wp\/v2\/product_cat?post=4912"},{"taxonomy":"product_tag","embeddable":true,"href":"https:\/\/ferneytech.com\/prototipo\/wp-json\/wp\/v2\/product_tag?post=4912"}],"curies":[{"name":"wp","href":"https:\/\/api.w.org\/{rel}","templated":true}]}}