{"id":4911,"date":"2025-10-10T02:43:52","date_gmt":"2025-10-10T02:43:52","guid":{"rendered":"https:\/\/ferneytech.com\/prototipo\/producto\/bullet-2e-ipc-f22fp\/"},"modified":"2025-10-10T02:43:52","modified_gmt":"2025-10-10T02:43:52","slug":"bullet-2e-ipc-f22fp","status":"publish","type":"product","link":"https:\/\/ferneytech.com\/prototipo\/producto\/bullet-2e-ipc-f22fp\/","title":{"rendered":"Bullet 2E IPC-F22FP"},"content":{"rendered":"<p>C\u00e1mara Bullet 2E 2MP-D IPC-F22FP. Caracter\u00edsticas: Pl\u00e1stica; H.265; Wi-Fi; Micr\u00f3fono incorporado; Ranura para tarjeta micro SD; Detecci\u00f3n de movimiento; Detecci\u00f3n humano; IP67.<\/p>\n","protected":false},"excerpt":{"rendered":"<p>Bullet | Wi-Fi | H.265 | IP67 | 2MP<\/p>\n","protected":false},"featured_media":4894,"template":"","meta":[],"product_brand":[],"product_cat":[36],"product_tag":[],"class_list":{"0":"post-4911","1":"product","2":"type-product","3":"status-publish","4":"has-post-thumbnail","6":"product_cat-camaras-de-seguridad-imou-bullet","8":"first","9":"instock","10":"taxable","11":"shipping-taxable","12":"product-type-simple"},"_links":{"self":[{"href":"https:\/\/ferneytech.com\/prototipo\/wp-json\/wp\/v2\/product\/4911","targetHints":{"allow":["GET"]}}],"collection":[{"href":"https:\/\/ferneytech.com\/prototipo\/wp-json\/wp\/v2\/product"}],"about":[{"href":"https:\/\/ferneytech.com\/prototipo\/wp-json\/wp\/v2\/types\/product"}],"version-history":[{"count":0,"href":"https:\/\/ferneytech.com\/prototipo\/wp-json\/wp\/v2\/product\/4911\/revisions"}],"wp:featuredmedia":[{"embeddable":true,"href":"https:\/\/ferneytech.com\/prototipo\/wp-json\/wp\/v2\/media\/4894"}],"wp:attachment":[{"href":"https:\/\/ferneytech.com\/prototipo\/wp-json\/wp\/v2\/media?parent=4911"}],"wp:term":[{"taxonomy":"product_brand","embeddable":true,"href":"https:\/\/ferneytech.com\/prototipo\/wp-json\/wp\/v2\/product_brand?post=4911"},{"taxonomy":"product_cat","embeddable":true,"href":"https:\/\/ferneytech.com\/prototipo\/wp-json\/wp\/v2\/product_cat?post=4911"},{"taxonomy":"product_tag","embeddable":true,"href":"https:\/\/ferneytech.com\/prototipo\/wp-json\/wp\/v2\/product_tag?post=4911"}],"curies":[{"name":"wp","href":"https:\/\/api.w.org\/{rel}","templated":true}]}}