{"id":4909,"date":"2025-10-10T02:43:51","date_gmt":"2025-10-10T02:43:51","guid":{"rendered":"https:\/\/ferneytech.com\/prototipo\/producto\/ipc-dk2-2h1w\/"},"modified":"2025-10-10T02:43:51","modified_gmt":"2025-10-10T02:43:51","slug":"ipc-dk2-2h1w","status":"publish","type":"product","link":"https:\/\/ferneytech.com\/prototipo\/producto\/ipc-dk2-2h1w\/","title":{"rendered":"IPC-DK2-2H1W"},"content":{"rendered":"<p>C\u00e1mara de seguridad IPC-DK2-2H1W. Caracter\u00edsticas: Wi-Fi; H.265; Detecci\u00f3n de movimiento; Alta voz, micr\u00f3fono, sirena incorporado; Detecci\u00f3n humano.<\/p>\n","protected":false},"excerpt":{"rendered":"<p>Wi-Fi | H.265 | Detecci\u00f3n de movimiento | Audio integrado<\/p>\n","protected":false},"featured_media":4897,"template":"","meta":[],"product_brand":[],"product_cat":[34],"product_tag":[],"class_list":{"0":"post-4909","1":"product","2":"type-product","3":"status-publish","4":"has-post-thumbnail","6":"product_cat-camaras-de-seguridad-imou","8":"first","9":"instock","10":"taxable","11":"shipping-taxable","12":"product-type-simple"},"_links":{"self":[{"href":"https:\/\/ferneytech.com\/prototipo\/wp-json\/wp\/v2\/product\/4909","targetHints":{"allow":["GET"]}}],"collection":[{"href":"https:\/\/ferneytech.com\/prototipo\/wp-json\/wp\/v2\/product"}],"about":[{"href":"https:\/\/ferneytech.com\/prototipo\/wp-json\/wp\/v2\/types\/product"}],"version-history":[{"count":0,"href":"https:\/\/ferneytech.com\/prototipo\/wp-json\/wp\/v2\/product\/4909\/revisions"}],"wp:featuredmedia":[{"embeddable":true,"href":"https:\/\/ferneytech.com\/prototipo\/wp-json\/wp\/v2\/media\/4897"}],"wp:attachment":[{"href":"https:\/\/ferneytech.com\/prototipo\/wp-json\/wp\/v2\/media?parent=4909"}],"wp:term":[{"taxonomy":"product_brand","embeddable":true,"href":"https:\/\/ferneytech.com\/prototipo\/wp-json\/wp\/v2\/product_brand?post=4909"},{"taxonomy":"product_cat","embeddable":true,"href":"https:\/\/ferneytech.com\/prototipo\/wp-json\/wp\/v2\/product_cat?post=4909"},{"taxonomy":"product_tag","embeddable":true,"href":"https:\/\/ferneytech.com\/prototipo\/wp-json\/wp\/v2\/product_tag?post=4909"}],"curies":[{"name":"wp","href":"https:\/\/api.w.org\/{rel}","templated":true}]}}